{"id":5193,"date":"2021-05-26T06:52:15","date_gmt":"2021-05-26T06:52:15","guid":{"rendered":"https:\/\/dev.krozmet.com\/krozmet\/european-union\/"},"modified":"2021-06-07T10:28:28","modified_gmt":"2021-06-07T10:28:28","slug":"european-union","status":"publish","type":"page","link":"https:\/\/dev.krozmet.com\/en\/european-union\/","title":{"rendered":"European Union"},"content":{"rendered":"<div class=\"fusion-fullwidth fullwidth-box fusion-builder-row-1 fusion-flex-container nonhundred-percent-fullwidth non-hundred-percent-height-scrolling\" style=\"--awb-border-radius-top-left:0px;--awb-border-radius-top-right:0px;--awb-border-radius-bottom-right:0px;--awb-border-radius-bottom-left:0px;--awb-flex-wrap:wrap;\" ><div class=\"fusion-builder-row fusion-row fusion-flex-align-items-flex-start fusion-flex-content-wrap\" style=\"max-width:1216.8px;margin-left: calc(-4% \/ 2 );margin-right: calc(-4% \/ 2 );\"><div class=\"fusion-layout-column fusion_builder_column fusion-builder-column-0 fusion_builder_column_1_1 1_1 fusion-flex-column\" style=\"--awb-padding-bottom:0px;--awb-bg-size:cover;--awb-width-large:100%;--awb-margin-top-large:0px;--awb-spacing-right-large:1.92%;--awb-margin-bottom-large:0px;--awb-spacing-left-large:1.92%;--awb-width-medium:100%;--awb-order-medium:0;--awb-spacing-right-medium:1.92%;--awb-spacing-left-medium:1.92%;--awb-width-small:100%;--awb-order-small:0;--awb-spacing-right-small:1.92%;--awb-spacing-left-small:1.92%;\"><div class=\"fusion-column-wrapper fusion-column-has-shadow fusion-flex-justify-content-flex-start fusion-content-layout-column\"><div class=\"fusion-title title fusion-title-1 fusion-title-center fusion-title-text fusion-title-size-one\" style=\"--awb-margin-bottom:0px;--awb-margin-bottom-small:0px;--awb-margin-top-medium:0px;--awb-margin-bottom-medium:0px;\"><div class=\"title-sep-container title-sep-container-left\"><div class=\"title-sep sep- sep-solid\" style=\"border-color:#e2e2e2;\"><\/div><\/div><span class=\"awb-title-spacer\"><\/span><h1 class=\"fusion-title-heading title-heading-center fusion-responsive-typography-calculated\" style=\"margin:0;--fontSize:80;line-height:1.14;\"><h4 style=\"text-align: center;\"> We are pleased to inform you that our company implements projects co-financed by the European Union subsidies:<\/h4><\/h1><span class=\"awb-title-spacer\"><\/span><div class=\"title-sep-container title-sep-container-right\"><div class=\"title-sep sep- sep-solid\" style=\"border-color:#e2e2e2;\"><\/div><\/div><\/div><div class=\"fusion-separator fusion-full-width-sep\" style=\"align-self: center;margin-left: auto;margin-right: auto;margin-top:5px;margin-bottom:5px;width:100%;\"><div class=\"fusion-separator-border sep-double\" style=\"--awb-height:20px;--awb-amount:20px;border-color:#e0dede;border-top-width:1px;border-bottom-width:1px;\"><\/div><\/div><div class=\"fusion-image-element \" style=\"text-align:center;--awb-caption-title-font-family:var(--h2_typography-font-family);--awb-caption-title-font-weight:var(--h2_typography-font-weight);--awb-caption-title-font-style:var(--h2_typography-font-style);--awb-caption-title-size:var(--h2_typography-font-size);--awb-caption-title-transform:var(--h2_typography-text-transform);--awb-caption-title-line-height:var(--h2_typography-line-height);--awb-caption-title-letter-spacing:var(--h2_typography-letter-spacing);\"><span class=\" fusion-imageframe imageframe-none imageframe-1 hover-type-none\"><img decoding=\"async\" width=\"929\" height=\"92\" title=\"eu_1\" src=\"https:\/\/dev.krozmet.com\/wp-content\/uploads\/2021\/03\/eu_1.png\" alt class=\"img-responsive wp-image-4580\" srcset=\"https:\/\/dev.krozmet.com\/wp-content\/uploads\/2021\/03\/eu_1-200x20.png 200w, https:\/\/dev.krozmet.com\/wp-content\/uploads\/2021\/03\/eu_1-400x40.png 400w, https:\/\/dev.krozmet.com\/wp-content\/uploads\/2021\/03\/eu_1-600x59.png 600w, https:\/\/dev.krozmet.com\/wp-content\/uploads\/2021\/03\/eu_1-800x79.png 800w, https:\/\/dev.krozmet.com\/wp-content\/uploads\/2021\/03\/eu_1.png 929w\" sizes=\"(max-width: 1024px) 100vw, (max-width: 640px) 100vw, 929px\" \/><\/span><\/div><div class=\"fusion-text fusion-text-1\"><p>Regional Operational Program of the Warmian-Masurian Voivodeship for 2014-2020<br \/>\nPriority 1. Smart economy of Warmia and Mazury<br \/>\nMeasure 1.4. New business models and expansion<br \/>\nSub-measure 1.4.3 Information and communication technologies in the SME activities<br \/>\n<strong>Project title: Increasing the share of ICT in management, design and communication at KROZMET <\/strong><br \/>\nThe main goal of the project: implementation at Krozmet s.c. of a complete Integrated IT System Gra\ufb03ti.ERP along with the purchase of the necessary computer hardware and software<\/p>\n<p>Project value: 904 890,09 z\u0142<br \/>\nFinancing: 476 472,16 z\u0142<\/p>\n<\/div><div class=\"fusion-separator fusion-full-width-sep\" style=\"align-self: center;margin-left: auto;margin-right: auto;margin-top:5px;margin-bottom:5px;width:100%;\"><div class=\"fusion-separator-border sep-double\" style=\"--awb-height:20px;--awb-amount:20px;border-color:#e0dede;border-top-width:1px;border-bottom-width:1px;\"><\/div><\/div><div class=\"fusion-image-element \" style=\"text-align:center;--awb-caption-title-font-family:var(--h2_typography-font-family);--awb-caption-title-font-weight:var(--h2_typography-font-weight);--awb-caption-title-font-style:var(--h2_typography-font-style);--awb-caption-title-size:var(--h2_typography-font-size);--awb-caption-title-transform:var(--h2_typography-text-transform);--awb-caption-title-line-height:var(--h2_typography-line-height);--awb-caption-title-letter-spacing:var(--h2_typography-letter-spacing);\"><span class=\" fusion-imageframe imageframe-none imageframe-2 hover-type-none\"><img decoding=\"async\" width=\"854\" height=\"141\" title=\"eu_2\" src=\"https:\/\/dev.krozmet.com\/wp-content\/uploads\/2021\/03\/eu_2.png\" alt class=\"img-responsive wp-image-4579\" srcset=\"https:\/\/dev.krozmet.com\/wp-content\/uploads\/2021\/03\/eu_2-200x33.png 200w, https:\/\/dev.krozmet.com\/wp-content\/uploads\/2021\/03\/eu_2-400x66.png 400w, https:\/\/dev.krozmet.com\/wp-content\/uploads\/2021\/03\/eu_2-600x99.png 600w, https:\/\/dev.krozmet.com\/wp-content\/uploads\/2021\/03\/eu_2-800x132.png 800w, https:\/\/dev.krozmet.com\/wp-content\/uploads\/2021\/03\/eu_2.png 854w\" sizes=\"(max-width: 1024px) 100vw, (max-width: 640px) 100vw, 854px\" \/><\/span><\/div><div class=\"fusion-text fusion-text-2\"><p>&#8220;European Agricultural Fund for Rural Development: Europe investing in rural areas&#8221;<\/p>\n<p>Operation <strong>\u201eAdaptation of the office and social building\u201d<\/strong>\u00a0aimed at the <strong style=\"font-style: italic;\">Development of entrepreneurship in rural areas by adapting the building at the company Krozmet s.c. for office and social purposes, which will contribute to increasing the company&#8217;s income and increasing employment by 3.5 full-time jobs<\/strong><\/em><\/p>\n<p>co-financed by the European Union under the sub-measure &#8220;Support for the implementation of operations under the community-led local development strategy&#8221; of the Rural Development Program for 2014-2020<\/p>\n<p>The operation is part of the community-led local development strategy implemented by the LAG Po\u0142udnie Warmia.<\/p>\n<\/div><div class=\"fusion-separator fusion-full-width-sep\" style=\"align-self: center;margin-left: auto;margin-right: auto;margin-top:5px;margin-bottom:5px;width:100%;\"><div class=\"fusion-separator-border sep-double\" style=\"--awb-height:20px;--awb-amount:20px;border-color:#e0dede;border-top-width:1px;border-bottom-width:1px;\"><\/div><\/div><div class=\"fusion-image-element \" style=\"text-align:center;--awb-caption-title-font-family:var(--h2_typography-font-family);--awb-caption-title-font-weight:var(--h2_typography-font-weight);--awb-caption-title-font-style:var(--h2_typography-font-style);--awb-caption-title-size:var(--h2_typography-font-size);--awb-caption-title-transform:var(--h2_typography-text-transform);--awb-caption-title-line-height:var(--h2_typography-line-height);--awb-caption-title-letter-spacing:var(--h2_typography-letter-spacing);\"><span class=\" fusion-imageframe imageframe-none imageframe-3 hover-type-none\"><img decoding=\"async\" width=\"1000\" height=\"107\" title=\"eu_3\" src=\"https:\/\/dev.krozmet.com\/wp-content\/uploads\/2021\/03\/eu_3.png\" alt class=\"img-responsive wp-image-4578\" srcset=\"https:\/\/dev.krozmet.com\/wp-content\/uploads\/2021\/03\/eu_3-200x21.png 200w, https:\/\/dev.krozmet.com\/wp-content\/uploads\/2021\/03\/eu_3-400x43.png 400w, https:\/\/dev.krozmet.com\/wp-content\/uploads\/2021\/03\/eu_3-600x64.png 600w, https:\/\/dev.krozmet.com\/wp-content\/uploads\/2021\/03\/eu_3-800x86.png 800w, https:\/\/dev.krozmet.com\/wp-content\/uploads\/2021\/03\/eu_3.png 1000w\" sizes=\"(max-width: 1024px) 100vw, (max-width: 640px) 100vw, 1000px\" \/><\/span><\/div><div class=\"fusion-text fusion-text-3\"><p><strong>Project title: Increase of innovation at Krozmet s.c. by implementing the recommendations contained in the Design Strategy <\/strong><\/p>\n<p>Project goal: The aim of the project is to develop the company&#8217;s products\/services based on modern design in order to increase the company&#8217;s revenues from the sale of new (bale trolley) and products and services with an improved design.<\/p>\n<p>Expected effects of the project:<\/p>\n<ol>\n<li>Increasing the company&#8217;s revenues from the sale of new products and services with improved design.<\/li>\n<li> Increasing the company&#8217;s share in the agricultural machinery market and the technological transportation market &#8211; on the Polish and foreign markets.<\/li>\n<li>Designing and launching a new device for the company &#8211; a bale trolley.<\/li>\n<li> Improvement of the quality features of products: other agricultural machinery (8 items in total) and equipment for technological transportation that will meet the needs of customers. <\/li>\n<li> Coherent communication based on the company&#8217;s values \u200b\u200b(both internal and external).<\/li>\n<li> Modernization of the machine park in the company.<\/li>\n<li>Developed marketing strategy (for the Polish and foreign markets) for the years 2021-2023.<\/li>\n<li>Increase in employment in the company &#8211; by min. 2 positions.<\/li>\n<\/ol>\n<p>Project value: 5 412 000.00 PLN<br \/>\nCommunity measures 3 000 000.00 PLN<\/p>\n<\/div><div class=\"fusion-separator fusion-full-width-sep\" style=\"align-self: center;margin-left: auto;margin-right: auto;margin-top:5px;margin-bottom:5px;width:100%;\"><div class=\"fusion-separator-border sep-double\" style=\"--awb-height:20px;--awb-amount:20px;border-color:#e0dede;border-top-width:1px;border-bottom-width:1px;\"><\/div><\/div><div class=\"fusion-image-element \" style=\"text-align:center;--awb-margin-top:20px;--awb-caption-title-font-family:var(--h2_typography-font-family);--awb-caption-title-font-weight:var(--h2_typography-font-weight);--awb-caption-title-font-style:var(--h2_typography-font-style);--awb-caption-title-size:var(--h2_typography-font-size);--awb-caption-title-transform:var(--h2_typography-text-transform);--awb-caption-title-line-height:var(--h2_typography-line-height);--awb-caption-title-letter-spacing:var(--h2_typography-letter-spacing);\"><span class=\" fusion-imageframe imageframe-none imageframe-4 hover-type-none\"><img decoding=\"async\" width=\"354\" height=\"60\" title=\"eu_4\" src=\"https:\/\/dev.krozmet.com\/wp-content\/uploads\/2021\/05\/eu_4.png\" alt class=\"img-responsive wp-image-5198\" srcset=\"https:\/\/dev.krozmet.com\/wp-content\/uploads\/2021\/05\/eu_4-200x34.png 200w, https:\/\/dev.krozmet.com\/wp-content\/uploads\/2021\/05\/eu_4.png 354w\" sizes=\"(max-width: 1024px) 100vw, (max-width: 640px) 100vw, 354px\" \/><\/span><\/div><div class=\"fusion-text fusion-text-4\" style=\"--awb-margin-top:25px;\"><p>Operational Program: Operational Program Eastern Poland 2014-2020<br \/>\nPriority Axis: I &#8211; Entrepreneurial Eastern Poland<br \/>\nMeasure 1.5 Subsidies for working capital<br \/>\nCo-financing: European Regional Development Fund<br \/>\nCo-financing agreement number: POPW.01.05.00-28-0098 \/ 20<br \/>\nProject title: <b> Working capital subsidy for Krozmet s.c. Dawid D\u0105browski, Przemys\u0142aw Agaszewski, Jaros\u0142aw Trusiak <\/b><br \/>\nImplementation period: 01\/07\/2020 &#8211; 30\/09\/2020<br \/>\nBeneficiary: Krozmet s.c. Dawid D\u0105browski, Przemys\u0142aw Agaszewski, Jaros\u0142aw Trusiak<br \/>\n<b>The main goal of the project: support in the field of ensuring financial liquidity and support for ongoing operations in connection with the financial difficulties incurred by the entrepreneur as a result of the COVID-19 epidemic.<\/b><\/p>\n<p>Project value: 197 212.86 PLN<br \/>\nCommunity measures: 197 212.86 PLN<\/p>\n<\/div><div class=\"fusion-separator fusion-full-width-sep\" style=\"align-self: center;margin-left: auto;margin-right: auto;margin-top:5px;margin-bottom:5px;width:100%;\"><div class=\"fusion-separator-border sep-double\" style=\"--awb-height:20px;--awb-amount:20px;border-color:#e0dede;border-top-width:1px;border-bottom-width:1px;\"><\/div><\/div><\/div><\/div><\/div><\/div>\n","protected":false},"excerpt":{"rendered":"","protected":false},"author":1,"featured_media":0,"parent":0,"menu_order":0,"comment_status":"closed","ping_status":"closed","template":"100-width.php","meta":{"footnotes":""},"class_list":["post-5193","page","type-page","status-publish","hentry"],"yoast_head":"<!-- This site is optimized with the Yoast SEO plugin v25.7 - https:\/\/yoast.com\/wordpress\/plugins\/seo\/ -->\n<title>European Union &#187; krozmet<\/title>\n<meta name=\"robots\" content=\"noindex, follow\" \/>\n<meta property=\"og:locale\" content=\"en_US\" \/>\n<meta property=\"og:type\" content=\"article\" \/>\n<meta property=\"og:title\" content=\"European Union &#187; krozmet\" \/>\n<meta property=\"og:url\" content=\"https:\/\/dev.krozmet.com\/en\/krozmet\/european-union\/\" \/>\n<meta property=\"og:site_name\" content=\"krozmet\" \/>\n<meta property=\"article:publisher\" content=\"http:\/\/facebook.com\/krozmet\" \/>\n<meta property=\"article:modified_time\" content=\"2021-06-07T10:28:28+00:00\" \/>\n<meta name=\"twitter:card\" content=\"summary_large_image\" \/>\n<meta name=\"twitter:label1\" content=\"Est. reading time\" \/>\n\t<meta name=\"twitter:data1\" content=\"10 minutes\" \/>\n<script type=\"application\/ld+json\" class=\"yoast-schema-graph\">{\"@context\":\"https:\/\/schema.org\",\"@graph\":[{\"@type\":\"WebPage\",\"@id\":\"https:\/\/dev.krozmet.com\/en\/krozmet\/european-union\/\",\"url\":\"https:\/\/dev.krozmet.com\/en\/krozmet\/european-union\/\",\"name\":\"European Union &#187; krozmet\",\"isPartOf\":{\"@id\":\"https:\/\/dev.krozmet.com\/#website\"},\"datePublished\":\"2021-05-26T06:52:15+00:00\",\"dateModified\":\"2021-06-07T10:28:28+00:00\",\"breadcrumb\":{\"@id\":\"https:\/\/dev.krozmet.com\/en\/krozmet\/european-union\/#breadcrumb\"},\"inLanguage\":\"en-US\",\"potentialAction\":[{\"@type\":\"ReadAction\",\"target\":[\"https:\/\/dev.krozmet.com\/en\/krozmet\/european-union\/\"]}]},{\"@type\":\"BreadcrumbList\",\"@id\":\"https:\/\/dev.krozmet.com\/en\/krozmet\/european-union\/#breadcrumb\",\"itemListElement\":[{\"@type\":\"ListItem\",\"position\":1,\"name\":\"Strona g\u0142\u00f3wna\",\"item\":\"https:\/\/dev.krozmet.com\/en\/\"},{\"@type\":\"ListItem\",\"position\":2,\"name\":\"Homepage\",\"item\":\"https:\/\/dev.krozmet.com\/en\/\"},{\"@type\":\"ListItem\",\"position\":3,\"name\":\"European Union\"}]},{\"@type\":\"WebSite\",\"@id\":\"https:\/\/dev.krozmet.com\/#website\",\"url\":\"https:\/\/dev.krozmet.com\/\",\"name\":\"Krozmet\",\"description\":\"producent maszyn\",\"publisher\":{\"@id\":\"https:\/\/dev.krozmet.com\/#organization\"},\"potentialAction\":[{\"@type\":\"SearchAction\",\"target\":{\"@type\":\"EntryPoint\",\"urlTemplate\":\"https:\/\/dev.krozmet.com\/?s={search_term_string}\"},\"query-input\":{\"@type\":\"PropertyValueSpecification\",\"valueRequired\":true,\"valueName\":\"search_term_string\"}}],\"inLanguage\":\"en-US\"},{\"@type\":\"Organization\",\"@id\":\"https:\/\/dev.krozmet.com\/#organization\",\"name\":\"krozmet\",\"url\":\"https:\/\/dev.krozmet.com\/\",\"logo\":{\"@type\":\"ImageObject\",\"inLanguage\":\"en-US\",\"@id\":\"https:\/\/dev.krozmet.com\/#\/schema\/logo\/image\/\",\"url\":\"https:\/\/dev.krozmet.com\/wp-content\/uploads\/2021\/02\/krozmet.png\",\"contentUrl\":\"https:\/\/dev.krozmet.com\/wp-content\/uploads\/2021\/02\/krozmet.png\",\"width\":2147,\"height\":252,\"caption\":\"krozmet\"},\"image\":{\"@id\":\"https:\/\/dev.krozmet.com\/#\/schema\/logo\/image\/\"},\"sameAs\":[\"http:\/\/facebook.com\/krozmet\",\"https:\/\/www.instagram.com\/krozmet\/\",\"https:\/\/www.linkedin.com\/company\/krozmet\/\",\"https:\/\/www.youtube.com\/channel\/UC-YHU_ZuI2ng951YU8ZiJCw\/\"]}]}<\/script>\n<!-- \/ Yoast SEO plugin. -->","yoast_head_json":{"title":"European Union &#187; krozmet","robots":{"index":"noindex","follow":"follow"},"og_locale":"en_US","og_type":"article","og_title":"European Union &#187; krozmet","og_url":"https:\/\/dev.krozmet.com\/en\/krozmet\/european-union\/","og_site_name":"krozmet","article_publisher":"http:\/\/facebook.com\/krozmet","article_modified_time":"2021-06-07T10:28:28+00:00","twitter_card":"summary_large_image","twitter_misc":{"Est. reading time":"10 minutes"},"schema":{"@context":"https:\/\/schema.org","@graph":[{"@type":"WebPage","@id":"https:\/\/dev.krozmet.com\/en\/krozmet\/european-union\/","url":"https:\/\/dev.krozmet.com\/en\/krozmet\/european-union\/","name":"European Union &#187; krozmet","isPartOf":{"@id":"https:\/\/dev.krozmet.com\/#website"},"datePublished":"2021-05-26T06:52:15+00:00","dateModified":"2021-06-07T10:28:28+00:00","breadcrumb":{"@id":"https:\/\/dev.krozmet.com\/en\/krozmet\/european-union\/#breadcrumb"},"inLanguage":"en-US","potentialAction":[{"@type":"ReadAction","target":["https:\/\/dev.krozmet.com\/en\/krozmet\/european-union\/"]}]},{"@type":"BreadcrumbList","@id":"https:\/\/dev.krozmet.com\/en\/krozmet\/european-union\/#breadcrumb","itemListElement":[{"@type":"ListItem","position":1,"name":"Strona g\u0142\u00f3wna","item":"https:\/\/dev.krozmet.com\/en\/"},{"@type":"ListItem","position":2,"name":"Homepage","item":"https:\/\/dev.krozmet.com\/en\/"},{"@type":"ListItem","position":3,"name":"European Union"}]},{"@type":"WebSite","@id":"https:\/\/dev.krozmet.com\/#website","url":"https:\/\/dev.krozmet.com\/","name":"Krozmet","description":"producent maszyn","publisher":{"@id":"https:\/\/dev.krozmet.com\/#organization"},"potentialAction":[{"@type":"SearchAction","target":{"@type":"EntryPoint","urlTemplate":"https:\/\/dev.krozmet.com\/?s={search_term_string}"},"query-input":{"@type":"PropertyValueSpecification","valueRequired":true,"valueName":"search_term_string"}}],"inLanguage":"en-US"},{"@type":"Organization","@id":"https:\/\/dev.krozmet.com\/#organization","name":"krozmet","url":"https:\/\/dev.krozmet.com\/","logo":{"@type":"ImageObject","inLanguage":"en-US","@id":"https:\/\/dev.krozmet.com\/#\/schema\/logo\/image\/","url":"https:\/\/dev.krozmet.com\/wp-content\/uploads\/2021\/02\/krozmet.png","contentUrl":"https:\/\/dev.krozmet.com\/wp-content\/uploads\/2021\/02\/krozmet.png","width":2147,"height":252,"caption":"krozmet"},"image":{"@id":"https:\/\/dev.krozmet.com\/#\/schema\/logo\/image\/"},"sameAs":["http:\/\/facebook.com\/krozmet","https:\/\/www.instagram.com\/krozmet\/","https:\/\/www.linkedin.com\/company\/krozmet\/","https:\/\/www.youtube.com\/channel\/UC-YHU_ZuI2ng951YU8ZiJCw\/"]}]}},"_links":{"self":[{"href":"https:\/\/dev.krozmet.com\/en\/wp-json\/wp\/v2\/pages\/5193","targetHints":{"allow":["GET"]}}],"collection":[{"href":"https:\/\/dev.krozmet.com\/en\/wp-json\/wp\/v2\/pages"}],"about":[{"href":"https:\/\/dev.krozmet.com\/en\/wp-json\/wp\/v2\/types\/page"}],"author":[{"embeddable":true,"href":"https:\/\/dev.krozmet.com\/en\/wp-json\/wp\/v2\/users\/1"}],"replies":[{"embeddable":true,"href":"https:\/\/dev.krozmet.com\/en\/wp-json\/wp\/v2\/comments?post=5193"}],"version-history":[{"count":0,"href":"https:\/\/dev.krozmet.com\/en\/wp-json\/wp\/v2\/pages\/5193\/revisions"}],"wp:attachment":[{"href":"https:\/\/dev.krozmet.com\/en\/wp-json\/wp\/v2\/media?parent=5193"}],"curies":[{"name":"wp","href":"https:\/\/api.w.org\/{rel}","templated":true}]}}